{"id":24961,"date":"2022-06-22T09:50:25","date_gmt":"2022-06-22T07:50:25","guid":{"rendered":"https:\/\/www.satelliteoffice.de\/business-address-in-hamburg\/"},"modified":"2023-11-07T10:59:01","modified_gmt":"2023-11-07T09:59:01","slug":"business-address-in-hamburg","status":"publish","type":"page","link":"https:\/\/dev.satelliteoffice.de\/en\/business-address\/business-address-in-hamburg\/","title":{"rendered":"Business address in Hamburg"},"content":{"rendered":"\n<h1>\n\t\tGesch\u00e4ftsadresse<br> <zweitelinie> in Hamburg\n\t<\/zweitelinie><\/h1>\n\t[wpbb-if post:acf type=&#8217;radio&#8217; name=&#8217;scroller_auswahl&#8217; exp=&#8217;equals&#8217; value=&#8217;kontakt&#8217;]\n[wpbb post:acf type=&#8217;text&#8217; name=&#8217;kontakt_text&#8217;]\n<a role=\"button\" href=\"acf type='url' name='kontakt_button_link']\" target=\"_self\" rel=\"noopener\"> [wpbb post:acf type=&#8217;text&#8217; name=&#8217;kontakt_button_text&#8217;]<\/a>\n[\/wpbb-if]\n[wpbb-if post:acf type=&#8217;radio&#8217; name=&#8217;scroller_auswahl&#8217; exp=&#8217;equals&#8217; value=&#8217;standort&#8217;]\n                                Standorte\n\t\t\t\t\t\t\t\tStandorte\n\t\t\t\t\t\t\t\t\t<ul>\n\t\t\t\t\t\t\t\t\t\t<li>\n\t\t\t\t\t\t\t\t\t\t\t<a href=\"https:\/\/dev.satelliteoffice.de\/standorte\/#berlin\">Berlin<\/a>\n\t\t\t\t\t\t\t\t\t\t\t<ul>\n\t\t\t\t\t\t\t\t\t\t\t\t<li><a href=\"https:\/\/dev.satelliteoffice.de\/standorte\/berlin\/kaiserliche-postdirektion\/#office-spaces\">Franz\u00f6sische Str. 12<\/a><\/li>\n\t\t\t\t\t\t\t\t\t\t\t\t<li><a href=\"https:\/\/dev.satelliteoffice.de\/en\/locations\/berlin\/haus-cumberland\/#office-spaces\">Kurf\u00fcrstendamm 194<\/a><\/li>\n\t\t\t\t\t\t\t\t\t\t\t\t<li><a href=\"https:\/\/dev.satelliteoffice.de\/standorte\/berlin\/kud15-gloria-berlin\/#office-spaces\">Kurf\u00fcrstendamm 15<\/a><\/li>\n\t\t\t\t\t\t\t\t\t\t\t\t<li><a href=\"https:\/\/dev.satelliteoffice.de\/standorte\/berlin\/roemischer-hof\/#office-spaces\">Unter den Linden 10<\/a><\/li>\n\t\t\t\t\t\t\t\t\t\t\t<\/ul>\n\t\t\t\t\t\t\t\t\t\t<\/li>\n\t\t\t\t\t\t\t\t\t\t<li>\n\t\t\t\t\t\t\t\t\t\t\t<a href=\"https:\/\/dev.satelliteoffice.de\/standorte\/duesseldorf\/#office-spaces\">D\u00fcsseldorf<\/a>\n\t\t\t\t\t\t\t\t\t\t\t<ul>\n\t\t\t\t\t\t\t\t\t\t\t\t<li><a href=\"https:\/\/dev.satelliteoffice.de\/standorte\/duesseldorf\/#office-spaces\">K\u00f6nigsallee 27<\/a><\/li>\n\t\t\t\t\t\t\t\t\t\t\t<\/ul>\n\t\t\t\t\t\t\t\t\t\t<\/li>\n\t\t\t\t\t\t\t\t\t\t<li>\n\t\t\t\t\t\t\t\t\t\t\t<a href=\"https:\/\/dev.satelliteoffice.de\/standorte\/frankfurt-am-main\/#office-spaces\">Frankfurt am Main<\/a>\n\t\t\t\t\t\t\t\t\t\t\t<ul>\n\t\t\t\t\t\t\t\t\t\t\t\t<li><a href=\"https:\/\/dev.satelliteoffice.de\/standorte\/frankfurt-am-main\/#office-spaces\">Opernplatz 14<\/a><\/li>\n\t\t\t\t\t\t\t\t\t\t\t<\/ul>\n\t\t\t\t\t\t\t\t\t\t<\/li>\n\t\t\t\t\t\t\t\t\t\t<li>\n\t\t\t\t\t\t\t\t\t\t\t<a href=\"https:\/\/dev.satelliteoffice.de\/standorte\/#hamburg\">Hamburg<\/a>\n\t\t\t\t\t\t\t\t\t\t\t<ul>\n\t\t\t\t\t\t\t\t\t\t\t\t<li><a href=\"https:\/\/dev.satelliteoffice.de\/standorte\/hamburg\/ballindamm-27\/#office-spaces\">Ballindamm 27<\/a><\/li>\n\t\t\t\t\t\t\t\t\t\t\t\t<li><a href=\"https:\/\/dev.satelliteoffice.de\/standorte\/hamburg\/gutruf-haus\/#office-spaces\">Neuer Wall 10<\/a><\/li>\n\t\t\t\t\t\t\t\t\t\t\t<\/ul>\n\t\t\t\t\t\t\t\t\t\t<\/li>\n\t\t\t\t\t\t\t\t\t\t<li>\n\t\t\t\t\t\t\t\t\t\t\t<a href=\"https:\/\/dev.satelliteoffice.de\/standorte\/#m\u00fcnchen\">M\u00fcnchen<\/a>\n\t\t\t\t\t\t\t\t\t\t\t<ul>\n\t\t\t\t\t\t\t\t\t\t\t\t\t\t\t\t\t\t\t\t\t\t\t\t<li><a href=\"https:\/\/dev.satelliteoffice.de\/standorte\/muenchen\/alte-hopfenpost\/#office-spaces\">Rundfunkplatz 2<\/a><\/li>\n\t\t\t\t\t\t\t\t\t\t\t\t<li><a href=\"https:\/\/dev.satelliteoffice.de\/standorte\/muenchen\/ludwigpalais\/#office-spaces\">Ludwigstra\u00dfe 8<\/a><\/li>\n\t\t\t\t\t\t\t\t\t\t\t<\/ul>\n\t\t\t\t\t\t\t\t\t\t<\/li>\n\t\t\t\t\t\t\t\t\t<\/ul>\n\t\t\t\t\t\t\t\t\t\n\t\t\t\t\t\t\t\t\t\t<br>Schweiz\t\t\t\t\t\t\t\t\t\n\t\t\t\t\t\t\t\t\t<ul>\n\t\t\t\t\t\t\t\t\t\t\t\t\t\t\t\t\t\t\t\t<li>\n\t\t\t\t\t\t\t\t\t\t\t<a href=\"https:\/\/dev.satelliteoffice.de\/standorte\/zuerich\/#office-spaces\">Z\u00fcrich<\/a>\n\t\t\t\t\t\t\t\t\t\t\t<ul>\n\t\t\t\t\t\t\t\t\t\t\t\t<li><a href=\"https:\/\/dev.satelliteoffice.de\/standorte\/zuerich\/#office-spaces\">Bahnhofstrasse 10<\/a><\/li>\n\t\t\t\t\t\t\t\t\t\t\t<\/ul>\n\t\t\t\t\t\t\t\t\t\t<\/li>\n\t\t\t\t\t\t\t\t\t<\/ul>\n\t\t\t\t\t\t\t\t<p>Verf\u00fcgbar in:<br>Deutschland<\/p>\n\t\t\t\t\t\t\t\t<ul>\n\t\t\t\t\t\t\t\t\t<li>\n\t\t\t\t\t\t\t\t\t\t<a href=\"https:\/\/dev.satelliteoffice.de\/standorte\/#berlin\">Berlin<\/a>\n\t\t\t\t\t\t\t\t\t\t<ul>\n\t\t\t\t\t\t\t\t\t\t\t<li><a href=\"https:\/\/dev.satelliteoffice.de\/standorte\/berlin\/kaiserliche-postdirektion\/#office-spaces\">Franz\u00f6sische Str. 12<\/a><\/li>\n\t\t\t\t\t\t\t\t\t\t\t<li><a href=\"https:\/\/dev.satelliteoffice.de\/en\/locations\/berlin\/haus-cumberland\/#office-spaces\">Kurf\u00fcrstendamm 194<\/a><\/li>\n\t\t\t\t\t\t\t\t\t\t\t<li><a href=\"https:\/\/dev.satelliteoffice.de\/standorte\/berlin\/kud15-gloria-berlin\/#office-spaces\">Kurf\u00fcrstendamm 15<\/a><\/li>\n\t\t\t\t\t\t\t\t\t\t\t<li><a href=\"https:\/\/dev.satelliteoffice.de\/standorte\/berlin\/roemischer-hof\/#office-spaces\">Unter den Linden 10<\/a><\/li>\n\t\t\t\t\t\t\t\t\t\t<\/ul>\n\t\t\t\t\t\t\t\t\t<\/li>\n\t\t\t\t\t\t\t\t\t<li>\n\t\t\t\t\t\t\t\t\t\t<a href=\"https:\/\/dev.satelliteoffice.de\/standorte\/duesseldorf\/#office-spaces\">D\u00fcsseldorf<\/a>\n\t\t\t\t\t\t\t\t\t\t<ul>\n\t\t\t\t\t\t\t\t\t\t\t<li><a href=\"https:\/\/dev.satelliteoffice.de\/standorte\/duesseldorf\/#office-spaces\">K\u00f6nigsallee 27<\/a><\/li>\n\t\t\t\t\t\t\t\t\t\t<\/ul>\n\t\t\t\t\t\t\t\t\t<\/li>\n\t\t\t\t\t\t\t\t\t<li>\n\t\t\t\t\t\t\t\t\t\t<a href=\"https:\/\/dev.satelliteoffice.de\/standorte\/frankfurt-am-main\/#office-spaces\">Frankfurt am Main<\/a>\n\t\t\t\t\t\t\t\t\t\t<ul>\n\t\t\t\t\t\t\t\t\t\t\t<li><a href=\"https:\/\/dev.satelliteoffice.de\/standorte\/frankfurt-am-main\/#office-spaces\">Opernplatz 14<\/a><\/li>\n\t\t\t\t\t\t\t\t\t\t<\/ul>\n\t\t\t\t\t\t\t\t\t<\/li>\n\t\t\t\t\t\t\t\t\t<li>\n\t\t\t\t\t\t\t\t\t\t<a href=\"https:\/\/dev.satelliteoffice.de\/standorte\/#hamburg\">Hamburg<\/a>\n\t\t\t\t\t\t\t\t\t\t<ul>\n\t\t\t\t\t\t\t\t\t\t\t<li><a href=\"https:\/\/dev.satelliteoffice.de\/standorte\/hamburg\/ballindamm-27\/#office-spaces\">Ballindamm 27<\/a><\/li>\n\t\t\t\t\t\t\t\t\t\t\t<li><a href=\"https:\/\/dev.satelliteoffice.de\/standorte\/hamburg\/gutruf-haus\/#office-spaces\">Neuer Wall 10<\/a><\/li>\n\t\t\t\t\t\t\t\t\t\t<\/ul>\n\t\t\t\t\t\t\t\t\t<\/li>\n\t\t\t\t\t\t\t\t\t<li>\n\t\t\t\t\t\t\t\t\t\t<a href=\"https:\/\/dev.satelliteoffice.de\/standorte\/#m\u00fcnchen\">M\u00fcnchen<\/a>\n\t\t\t\t\t\t\t\t\t\t<ul>\n\t\t\t\t\t\t\t\t\t\t\t<li><a href=\"https:\/\/dev.satelliteoffice.de\/standorte\/muenchen\/alte-hopfenpost\/#office-spaces\">Rundfunkplatz 2<\/a><\/li>\n\t\t\t\t\t\t\t\t\t\t\t<li><a href=\"https:\/\/dev.satelliteoffice.de\/standorte\/muenchen\/ludwigpalais\/#office-spaces\">Ludwigstra\u00dfe 8<\/a><\/li>\n\t\t\t\t\t\t\t\t\t\t<\/ul>\n\t\t\t\t\t\t\t\t\t<\/li>\n\t\t\t\t\t\t\t\t<\/ul>\n\t\t\t\t\t\t\t\t\n\t\t\t\t\t\t\t\t\t<br>Schweiz\n\t\t\t\t\t\t\t\t<ul>\n\t\t\t\t\t\t\t\t\t <li>\n\t\t\t\t\t\t\t\t\t\t<a href=\"https:\/\/dev.satelliteoffice.de\/standorte\/zuerich\/\">Z\u00fcrich<!--?php echo #office-spaces; ?--><\/a>\n\t\t\t\t\t\t\t\t\t\t<ul>\n\t\t\t\t\t\t\t\t\t\t\t<li><a href=\"https:\/\/dev.satelliteoffice.de\/standorte\/zuerich\/#office-spaces\">Bahnhofstrasse 10<\/a><\/li>\n\t\t\t\t\t\t\t\t\t\t<\/ul>\n\t\t\t\t\t\t\t\t\t<\/li>\n\t\t\t\t\t\t\t\t<\/ul>\n[\/wpbb-if]\n[wpbb-if post:acf type=&#8217;radio&#8217; name=&#8217;scroller_auswahl&#8217; exp=&#8217;equals&#8217; value=&#8217;ansprechpartner&#8217;]\n        <h4>[wpbb post:acf type=&#8217;text&#8217; name=&#8217;ansprechpartner_titel&#8217;]<\/h4>\n        <h4>[wpbb post:acf type=&#8217;text&#8217; name=&#8217;ansprechpartner_name&#8217;]<\/h4>\n        [wpbb post:acf type=&#8217;text&#8217; name=&#8217;ansprechpartner_ort&#8217;]<br>\n\t\t\t\ttel:[wpbb post:acf type=&#8217;text&#8217; name=&#8217;ansprechpartner_telefon&#8217;]\n\t\t\t\t\t\t<p>[wpbb post:acf type=&#8217;text&#8217; name=&#8217;ansprechpartner_telefon&#8217;]<\/p>\n\t<a role=\"button\" href=\"#kontakt\" target=\"_self\" rel=\"noopener\"> Anfrage senden<\/a>\n[\/wpbb-if]\n[wpbb-if post:acf type=&#8217;radio&#8217; name=&#8217;scroller_auswahl&#8217; exp=&#8217;equals&#8217; value=&#8217;custom&#8217;]\n[wpbb post:acf type=&#8217;text&#8217; name=&#8217;custom_html&#8217;]\n[\/wpbb-if]\n<h3>\n\t\tIhre Gesch\u00e4ftsadresse in Hamburg\n\t<\/h3>\n<p><strong>Vorteile, die in Ihrem Umfeld wahrgenommen werden.<\/strong><\/p>\n<p>Matcht garantiert mit jeder Visitenkarte: Die repr\u00e4sentative Gesch\u00e4ftsadresse in 1A-Lage in Hamburg, strahlt Seriosit\u00e4t aus und schafft Vertrauen bei Ihren Gesch\u00e4ftspartnern. Sie bildet au\u00dferdem das Fundament f\u00fcr eine erfolgreiche Kundenakquise und l\u00e4sst dabei Ihre Privatadresse privat bleiben. Sofortiger Start ohne Risiko und somit ideal f\u00fcr Gr\u00fcnder. Keine Anschaffungen, keine Langzeitvertr\u00e4ge. Wenn sich die Anmietung von B\u00fcror\u00e4umen oder Gesch\u00e4ftsr\u00e4umen noch nicht lohnt, ist die <strong>Gesch\u00e4ftsadresse in Hamburg <\/strong>bei Satellite Office genau richtig. Dabei profitieren Sie von maximaler Flexibilit\u00e4t und k\u00f6nnen jederzeit kurzfristig auf zus\u00e4tzliche Serviceleistungen wie Konferenzr\u00e4ume, B\u00fcror\u00e4ume der Sekretariatsarbeiten, zur\u00fcckgreifen.<\/p>\n<p>Au\u00dferdem erhalten Sie mit der Membershipkarte nicht nur Zutritt zu allen Satellite Office Coworking Spaces, sondern auch Zugang zu einem sehr feinen Netzwerkkreis in Deutschland und der Schweiz.<\/p>\n\t\t\t\t\t\t<!-- pagination -->\n\tSatellite Office Hamburg<br>\nGutruf Haus\n\tNeuer Wall 10 \/ Ecke Jungfernstieg<br>\nD &#8211; 20354 Hamburg\n\tTelefon:&nbsp;<a href=\"tel:+4940822153000\">+49 (0) 40 822 15 3000<\/a><br>\nMobil: <a href=\"tel:+49 40 822 153 005\">+49 40 822 153 005<\/a>\n\t\t\t\t\t\t<!-- pagination -->\n\tSatellite Office Hamburg<br>\nBallindamm\n\tBallindamm 27<br>\nD &#8211; 20095 Hamburg\n\tTelefon:&nbsp;<a href=\"tel:+4940696384400\">+49 (0) 40 696 384 400<\/a><br>\nMobil: <a href=\"tel:+49 40 822 153 005\">+49 40 822 153 005<\/a>\n<h3>\n\t\tDirekt an der Alster\n\t<\/h3>\n<h2>\n\t\tGesch\u00e4ftsadresse in Hamburg\n\t<\/h2>\n\t<p><strong>Matcht mit jeder Visitenkarte.<\/strong><\/p>\n<p>Ihr Unternehmen ben\u00f6tigt aktuell keinen festen Sitz, dennoch w\u00fcnschen Sie sich eine repr\u00e4sentative&nbsp;<strong>Gesch\u00e4ftsadresse in Hamburg<\/strong>? Mit unserem Satellite Office in Hamburg, direkt an der begehrten Binnenalster, erhalten Sie eine Business-Adresse mit der Sie bei Kunden und Gesch\u00e4ftspartnern Eindruck hinterlassen &#8211; und zwar ab der ersten Sekunde.<\/p>\n<h3>\n\t\tIhre beste Adresse.\n\t<\/h3>\n<h3>\n\t\tIst ab jetzt auch in Hamburg.\n\t<\/h3>\n\t<ul>\n<li>Erstklassige Gesch\u00e4ftsadresse<\/li>\n<li>Unbegrenzte Post- und Paketannahme<\/li>\n<li>Master Membership<\/li>\n<li>Zugang zum Open Space inkl. free WiFi (fair use)<\/li>\n<\/ul>\n<p>zus\u00e4tzlich buchbar:<\/p>\n<ul>\n<li>Ihr Firmenschild auf der Schilderanlage im Foyer<\/li>\n<li>Postscan. Scan-to-Mail-Flatrate<\/li>\n<li>Telefonsekretariat. Immer erreichbar<\/li>\n<\/ul>\n\t\t\t<a href=\"#kontakt\" target=\"_self\" role=\"button\" rel=\"noopener\">\n\t\t\t\t\t\tAngebot sichern ab 149 \u20ac Monatlich\n\t\t\t\t\t<\/a>\n<h3>\n\t\tLorna Marie Abend\n\t<\/h3>\n\t<p><strong>&#8220;<\/strong>Moin Moin aus Hamburg. F\u00fcr alle Fragen rund um unsere Satellite Offices in der Hansestadt stehe ich Ihnen gerne zur Verf\u00fcgung. Ich freue mich auf Ihren Anruf oder Ihre Kontaktaufnahme.<strong>&#8220;<\/strong><\/p>\n<h3>\n\t\tBitte nehmen Sie Kontakt mit uns auf\n\t<\/h3>\n\t\n\t\n    Hinweis: F\u00fcr diesen Inhalt ist JavaScript erforderlich.\n        <!-- TODO: Move to Template File. -->\n","protected":false},"excerpt":{"rendered":"<p>Gesch\u00e4ftsadresse in Hamburg [wpbb-if post:acf type=&#8217;radio&#8217; name=&#8217;scroller_auswahl&#8217; exp=&#8217;equals&#8217; value=&#8217;kontakt&#8217;] [wpbb post:acf type=&#8217;text&#8217; name=&#8217;kontakt_text&#8217;] [wpbb post:acf type=&#8217;text&#8217; name=&#8217;kontakt_button_text&#8217;] [\/wpbb-if] [wpbb-if post:acf type=&#8217;radio&#8217; name=&#8217;scroller_auswahl&#8217; exp=&#8217;equals&#8217; value=&#8217;standort&#8217;] Standorte Standorte Berlin Franz\u00f6sische Str. 12 Kurf\u00fcrstendamm 194 Kurf\u00fcrstendamm 15 Unter den Linden 10 D\u00fcsseldorf K\u00f6nigsallee 27 Frankfurt am Main Opernplatz 14 Hamburg Ballindamm 27 Neuer Wall 10 M\u00fcnchen Rundfunkplatz 2&hellip;<\/p>\n","protected":false},"author":11,"featured_media":0,"parent":35021,"menu_order":1,"comment_status":"closed","ping_status":"closed","template":"","meta":{"_acf_changed":false,"_seopress_robots_primary_cat":"","_seopress_titles_title":"Business address Hamburg | Satellite Office","_seopress_titles_desc":"A renowned business address in Hamburg in the very best location: Your decisive company advantage! \u25ba Book now!","_seopress_robots_index":"","inline_featured_image":false,"footnotes":""},"acf":[],"_links":{"self":[{"href":"https:\/\/dev.satelliteoffice.de\/en\/wp-json\/wp\/v2\/pages\/24961"}],"collection":[{"href":"https:\/\/dev.satelliteoffice.de\/en\/wp-json\/wp\/v2\/pages"}],"about":[{"href":"https:\/\/dev.satelliteoffice.de\/en\/wp-json\/wp\/v2\/types\/page"}],"author":[{"embeddable":true,"href":"https:\/\/dev.satelliteoffice.de\/en\/wp-json\/wp\/v2\/users\/11"}],"replies":[{"embeddable":true,"href":"https:\/\/dev.satelliteoffice.de\/en\/wp-json\/wp\/v2\/comments?post=24961"}],"version-history":[{"count":0,"href":"https:\/\/dev.satelliteoffice.de\/en\/wp-json\/wp\/v2\/pages\/24961\/revisions"}],"up":[{"embeddable":true,"href":"https:\/\/dev.satelliteoffice.de\/en\/wp-json\/wp\/v2\/pages\/35021"}],"wp:attachment":[{"href":"https:\/\/dev.satelliteoffice.de\/en\/wp-json\/wp\/v2\/media?parent=24961"}],"curies":[{"name":"wp","href":"https:\/\/api.w.org\/{rel}","templated":true}]}}