{"id":24974,"date":"2022-06-22T09:50:28","date_gmt":"2022-06-22T07:50:28","guid":{"rendered":"https:\/\/www.satelliteoffice.de\/business-address-in-munich\/"},"modified":"2023-12-01T11:25:43","modified_gmt":"2023-12-01T10:25:43","slug":"business-address-in-munich","status":"publish","type":"page","link":"https:\/\/dev.satelliteoffice.de\/en\/business-address\/business-address-in-munich\/","title":{"rendered":"Business address in Munich"},"content":{"rendered":"\n<h1>\n\t\tBusiness address<br> <zweitelinie>  in Munich\n\t<\/zweitelinie><\/h1>\n\t[wpbb-if post:acf type=&#8221;radio&#8221; name=&#8221;scroller_auswahl&#8221; exp=&#8221;equals&#8221; value=&#8221;contact&#8221;]\n[wpbb post:acf type=&#8221;text&#8221; name=&#8221;kontakt_text&#8221;]\n<a role=\"button\" href=\"acf type='url' name='kontakt_button_link']\" target=\"_self\" rel=\"noopener\"> [wpbb post:acf type=&#8221;text&#8221; name=&#8221;kontakt_button_text&#8221;]<\/a>\n[\/wpbb-if]\n[wpbb-if post:acf type=&#8221;radio&#8221; name=&#8221;scroller_auswahl&#8221; exp=&#8221;equals&#8221; value=&#8221;location&#8221;]\n  Locations\n\t\t\t\t\t\t\t\tLocations\n\t\t\t\t\t\t\t\t\t<ul>\n\t\t\t\t\t\t\t\t\t\t<li>\n\t\t\t\t\t\t\t\t\t\t\t<a href=\"https:\/\/dev.satelliteoffice.de\/en\/locations\/#berlin\">Berlin<\/a>\n\t\t\t\t\t\t\t\t\t\t\t<ul>\n\t\t\t\t\t\t\t\t\t\t\t\t<li><a href=\"https:\/\/dev.satelliteoffice.de\/en\/locations\/berlin\/kaiserliche-postdirektion\/#office-spaces\">Franz\u00f6sische Str. 12<\/a><\/li>\n\t\t\t\t\t\t\t\t\t\t\t\t<li><a href=\"https:\/\/dev.satelliteoffice.de\/en\/locations\/berlin\/haus-cumberland\/#office-spaces\">Kurf\u00fcrstendamm 194<\/a><\/li>\n\t\t\t\t\t\t\t\t\t\t\t\t<li><a href=\"https:\/\/dev.satelliteoffice.de\/en\/locations\/berlin\/mampe-house\/#office-spaces\">Kurf\u00fcrstendamm 15<\/a><\/li>\n\t\t\t\t\t\t\t\t\t\t\t\t<li><a href=\"https:\/\/dev.satelliteoffice.de\/en\/locations\/berlin\/roemischer-hof\/#office-spaces\">Unter den Linden 10<\/a><\/li>\n\t\t\t\t\t\t\t\t\t\t\t<\/ul>\n\t\t\t\t\t\t\t\t\t\t<\/li>\n\t\t\t\t\t\t\t\t\t\t<li>\n\t\t\t\t\t\t\t\t\t\t\t<a href=\"https:\/\/dev.satelliteoffice.de\/en\/locations\/duesseldorf\/#office-spaces\">Dusseldorf<\/a>\n\t\t\t\t\t\t\t\t\t\t\t<ul>\n\t\t\t\t\t\t\t\t\t\t\t\t<li><a href=\"https:\/\/dev.satelliteoffice.de\/en\/locations\/duesseldorf\/#office-spaces\">K\u00f6nigsallee 27<\/a><\/li>\n\t\t\t\t\t\t\t\t\t\t\t<\/ul>\n\t\t\t\t\t\t\t\t\t\t<\/li>\n\t\t\t\t\t\t\t\t\t\t<li>\n\t\t\t\t\t\t\t\t\t\t\t<a href=\"https:\/\/dev.satelliteoffice.de\/en\/locations\/frankfurt-am-main\/#office-spaces\">Frankfurt am Main<\/a>\n\t\t\t\t\t\t\t\t\t\t\t<ul>\n\t\t\t\t\t\t\t\t\t\t\t\t<li><a href=\"https:\/\/dev.satelliteoffice.de\/en\/locations\/frankfurt-am-main\/#office-spaces\">Opernplatz 14<\/a><\/li>\n\t\t\t\t\t\t\t\t\t\t\t<\/ul>\n\t\t\t\t\t\t\t\t\t\t<\/li>\n\t\t\t\t\t\t\t\t\t\t<li>\n\t\t\t\t\t\t\t\t\t\t\t<a href=\"https:\/\/dev.satelliteoffice.de\/en\/locations\/#hamburg\">Hamburg<\/a>\n\t\t\t\t\t\t\t\t\t\t\t<ul>\n\t\t\t\t\t\t\t\t\t\t\t\t<li><a href=\"https:\/\/dev.satelliteoffice.de\/en\/locations\/hamburg\/ballindamm-27\/#office-spaces\">Ballindamm 27<\/a><\/li>\n\t\t\t\t\t\t\t\t\t\t\t\t<li><a href=\"https:\/\/dev.satelliteoffice.de\/en\/locations\/hamburg\/gutruf-haus\/#office-spaces\">New Wall 10<\/a><\/li>\n\t\t\t\t\t\t\t\t\t\t\t<\/ul>\n\t\t\t\t\t\t\t\t\t\t<\/li>\n\t\t\t\t\t\t\t\t\t\t<li>\n\t\t\t\t\t\t\t\t\t\t\t<a href=\"https:\/\/dev.satelliteoffice.de\/en\/locations\/#m%C3%BCnchen\">Munich<\/a>\n\t\t\t\t\t\t\t\t\t\t\t<ul>\n\t\t\t\t\t\t\t\t\t\t\t\t\t\t\t\t\t\t\t\t\t\t\t\t<li><a href=\"https:\/\/dev.satelliteoffice.de\/en\/locations\/munich\/alte-hopfenpost\/#office-spaces\">Rundfunkplatz 2<\/a><\/li>\n\t\t\t\t\t\t\t\t\t\t\t\t<li><a href=\"https:\/\/dev.satelliteoffice.de\/en\/locations\/munich\/ludwigpalais\/#office-spaces\">Ludwigstra\u00dfe 8<\/a><\/li>\n\t\t\t\t\t\t\t\t\t\t\t<\/ul>\n\t\t\t\t\t\t\t\t\t\t<\/li>\n\t\t\t\t\t\t\t\t\t<\/ul>\n\t\t\t\t\t\t\t\t\t\n\t\t\t\t\t\t\t\t\t\t<br>Switzerland  \n\t\t\t\t\t\t\t\t\t<ul>\n\t\t\t\t\t\t\t\t\t\t\t\t\t\t\t\t\t\t\t\t<li>\n\t\t\t\t\t\t\t\t\t\t\t<a href=\"https:\/\/dev.satelliteoffice.de\/en\/locations\/zurich\/#office-spaces\">Zurich<\/a>\n\t\t\t\t\t\t\t\t\t\t\t<ul>\n\t\t\t\t\t\t\t\t\t\t\t\t<li><a href=\"https:\/\/dev.satelliteoffice.de\/en\/locations\/zurich\/#office-spaces\">Bahnhofstrasse 10<\/a><\/li>\n\t\t\t\t\t\t\t\t\t\t\t<\/ul>\n\t\t\t\t\t\t\t\t\t\t<\/li>\n\t\t\t\t\t\t\t\t\t<\/ul>\n\t\t\t\t\t\t\t\t<p>Available in:<br>Germany<\/p>\n\t\t\t\t\t\t\t\t<ul>\n\t\t\t\t\t\t\t\t\t<li>\n\t\t\t\t\t\t\t\t\t\t<a href=\"https:\/\/dev.satelliteoffice.de\/en\/locations\/#berlin\">Berlin<\/a>\n\t\t\t\t\t\t\t\t\t\t<ul>\n\t\t\t\t\t\t\t\t\t\t\t<li><a href=\"https:\/\/dev.satelliteoffice.de\/en\/locations\/berlin\/kaiserliche-postdirektion\/#office-spaces\">Franz\u00f6sische Str. 12<\/a><\/li>\n\t\t\t\t\t\t\t\t\t\t\t<li><a href=\"https:\/\/dev.satelliteoffice.de\/en\/locations\/berlin\/haus-cumberland\/#office-spaces\">Kurf\u00fcrstendamm 194<\/a><\/li>\n\t\t\t\t\t\t\t\t\t\t\t<li><a href=\"https:\/\/dev.satelliteoffice.de\/en\/locations\/berlin\/mampe-house\/#office-spaces\">Kurf\u00fcrstendamm 15<\/a><\/li>\n\t\t\t\t\t\t\t\t\t\t\t<li><a href=\"https:\/\/dev.satelliteoffice.de\/en\/locations\/berlin\/roemischer-hof\/#office-spaces\">Unter den Linden 10<\/a><\/li>\n\t\t\t\t\t\t\t\t\t\t<\/ul>\n\t\t\t\t\t\t\t\t\t<\/li>\n\t\t\t\t\t\t\t\t\t<li>\n\t\t\t\t\t\t\t\t\t\t<a href=\"https:\/\/dev.satelliteoffice.de\/en\/locations\/duesseldorf\/#office-spaces\">Dusseldorf<\/a>\n\t\t\t\t\t\t\t\t\t\t<ul>\n\t\t\t\t\t\t\t\t\t\t\t<li><a href=\"https:\/\/dev.satelliteoffice.de\/en\/locations\/duesseldorf\/#office-spaces\">K\u00f6nigsallee 27<\/a><\/li>\n\t\t\t\t\t\t\t\t\t\t<\/ul>\n\t\t\t\t\t\t\t\t\t<\/li>\n\t\t\t\t\t\t\t\t\t<li>\n\t\t\t\t\t\t\t\t\t\t<a href=\"https:\/\/dev.satelliteoffice.de\/en\/locations\/frankfurt-am-main\/#office-spaces\">Frankfurt am Main<\/a>\n\t\t\t\t\t\t\t\t\t\t<ul>\n\t\t\t\t\t\t\t\t\t\t\t<li><a href=\"https:\/\/dev.satelliteoffice.de\/en\/locations\/frankfurt-am-main\/#office-spaces\">Opernplatz 14<\/a><\/li>\n\t\t\t\t\t\t\t\t\t\t<\/ul>\n\t\t\t\t\t\t\t\t\t<\/li>\n\t\t\t\t\t\t\t\t\t<li>\n\t\t\t\t\t\t\t\t\t\t<a href=\"https:\/\/dev.satelliteoffice.de\/en\/locations\/#hamburg\">Hamburg<\/a>\n\t\t\t\t\t\t\t\t\t\t<ul>\n\t\t\t\t\t\t\t\t\t\t\t<li><a href=\"https:\/\/dev.satelliteoffice.de\/en\/locations\/hamburg\/ballindamm-27\/#office-spaces\">Ballindamm 27<\/a><\/li>\n\t\t\t\t\t\t\t\t\t\t\t<li><a href=\"https:\/\/dev.satelliteoffice.de\/en\/locations\/hamburg\/gutruf-haus\/#office-spaces\">New Wall 10<\/a><\/li>\n\t\t\t\t\t\t\t\t\t\t<\/ul>\n\t\t\t\t\t\t\t\t\t<\/li>\n\t\t\t\t\t\t\t\t\t<li>\n\t\t\t\t\t\t\t\t\t\t<a href=\"https:\/\/dev.satelliteoffice.de\/en\/locations\/#m%C3%BCnchen\">Munich<\/a>\n\t\t\t\t\t\t\t\t\t\t<ul>\n\t\t\t\t\t\t\t\t\t\t\t<li><a href=\"https:\/\/dev.satelliteoffice.de\/en\/locations\/munich\/alte-hopfenpost\/#office-spaces\">Rundfunkplatz 2<\/a><\/li>\n\t\t\t\t\t\t\t\t\t\t\t<li><a href=\"https:\/\/dev.satelliteoffice.de\/en\/locations\/munich\/ludwigpalais\/#office-spaces\">Ludwigstra\u00dfe 8<\/a><\/li>\n\t\t\t\t\t\t\t\t\t\t<\/ul>\n\t\t\t\t\t\t\t\t\t<\/li>\n\t\t\t\t\t\t\t\t<\/ul>\n\t\t\t\t\t\t\t\t\n\t\t\t\t\t\t\t\t\t<br>Switzerland\n\t\t\t\t\t\t\t\t<ul>\n\t\t\t\t\t\t\t\t\t <li>\n\t\t\t\t\t\t\t\t\t\t<a href=\"https:\/\/dev.satelliteoffice.de\/en\/locations\/zurich\/\">Zurich<!--?php echo #office-spaces; ?--><\/a>\n\t\t\t\t\t\t\t\t\t\t<ul>\n\t\t\t\t\t\t\t\t\t\t\t<li><a href=\"https:\/\/dev.satelliteoffice.de\/en\/locations\/zurich\/#office-spaces\">Bahnhofstrasse 10<\/a><\/li>\n\t\t\t\t\t\t\t\t\t\t<\/ul>\n\t\t\t\t\t\t\t\t\t<\/li>\n\t\t\t\t\t\t\t\t<\/ul>\n[\/wpbb-if]\n[wpbb-if post:acf type=&#8221;radio&#8221; name=&#8221;scroller_auswahl&#8221; exp=&#8221;equals&#8221; value=&#8221;contact&#8221;]\n        <h4>[wpbb post:acf type=&#8221;text&#8221; name=&#8221;ansprechpartner_titel&#8221;]<\/h4>\n        <h4>[wpbb post:acf type=&#8221;text&#8221; name=&#8221;ansprechpartner_name&#8221;]<\/h4>\n        [wpbb post:acf type=&#8221;text&#8221; name=&#8221;ansprechpartner_ort&#8221;]<br>\n\t\t\t\ttel:[wpbb post:acf type=&#8221;text&#8221; name=&#8221;ansprechpartner_telefon&#8221;]\n\t\t\t\t\t\t<p>[wpbb post:acf type=&#8221;text&#8221; name=&#8221;ansprechpartner_telefon&#8221;]<\/p>\n\t<a role=\"button\" href=\"#kontakt\" target=\"_self\" rel=\"noopener\"> Send inquiry<\/a>\n[\/wpbb-if]\n[wpbb-if post:acf type=&#8221;radio&#8221; name=&#8221;scroller_auswahl&#8221; exp=&#8221;equals&#8221; value=&#8221;custom&#8221;]\n[wpbb post:acf type=&#8221;text&#8221; name=&#8221;custom_html&#8221;]\n[\/wpbb-if]\n<h3>\n\t\tYour benefits\n\t<\/h3>\n<h3>\n\t\tBusiness address in Munich\n\t<\/h3>\n<p><strong>Advantages that are perceived in your environment.<\/strong><\/p>\n<p>A prestigious business address in a prime location radiates seriousness, builds trust and matches any business card. It also forms the foundation for successful customer acquisition and meanwhile lets your private address remain private. Ideal for founders to start immediately without risk. No purchases, no long-term contracts. If renting office space or commercial premises is not yet worth it, the business address in Munich at Satellite Office is exactly what you need. In this case, you will benefit from maximum versatility and you will always be able to access other services at short notice, such as conference rooms, office space of secretarial work.<\/p>\n<p>And with the membership card you not only get access to all Satellite Office coworking spaces, but also access to a very fine network circle in Germany and Switzerland.<\/p>\n\t\t\t\t\t\t\t\t\t\t\t\t\t\t\t\t\t<a href=\"https:\/\/dev.satelliteoffice.de\/wp-content\/uploads\/2021\/11\/2021_06_10_A9_7044_72-1024x683.jpg\" target=\"_self\" data-caption=\"\" rel=\"noopener\">\n\t\t\t\t\t\t\t\t\t\t<\/a>\n\t\t\t\t\t\t\t\t\t\t\t\t\t\t\t\t\t<a href=\"https:\/\/dev.satelliteoffice.de\/wp-content\/uploads\/2021\/11\/2021_06_10_A9_6830_72-1024x683.jpg\" target=\"_self\" data-caption=\"\" rel=\"noopener\">\n\t\t\t\t\t\t\t\t\t\t<\/a>\n\t\t\t\t\t\t\t\t\t\t\t\t\t\t\t\t\t<a href=\"https:\/\/dev.satelliteoffice.de\/wp-content\/uploads\/2021\/11\/2021_06_10_A9_7263_72-1024x683.jpg\" target=\"_self\" data-caption=\"\" rel=\"noopener\">\n\t\t\t\t\t\t\t\t\t\t<\/a>\n\t\t\t\t\t\t\t\t\t\t\t\t\t\t\t\t\t<a href=\"https:\/\/dev.satelliteoffice.de\/wp-content\/uploads\/2021\/11\/2021_06_10_A9_7036_72-1024x682.jpg\" target=\"_self\" data-caption=\"\" rel=\"noopener\">\n\t\t\t\t\t\t\t\t\t\t<\/a>\n\t\t\t\t\t\t\t\t\t\t\t\t\t\t\t\t\t<a href=\"https:\/\/dev.satelliteoffice.de\/wp-content\/uploads\/2021\/11\/2021_06_10_A9_6823_72-1024x683.jpg\" target=\"_self\" data-caption=\"\" rel=\"noopener\">\n\t\t\t\t\t\t\t\t\t\t<\/a>\n\t\t\t\t\t\t\t\t\t\t\t\t\t\t\t\t\t<a href=\"https:\/\/dev.satelliteoffice.de\/wp-content\/uploads\/2021\/11\/2021_06_10_A9_7013_72-1024x683.jpg\" target=\"_self\" data-caption=\"\" rel=\"noopener\">\n\t\t\t\t\t\t\t\t\t\t<\/a>\n\t\t\t\t\t\t\t\t\t\t\t\t\t\t\t\t\t<a href=\"https:\/\/dev.satelliteoffice.de\/wp-content\/uploads\/2021\/11\/2021_06_10_A9_6980_72-1024x682.jpg\" target=\"_self\" data-caption=\"\" rel=\"noopener\">\n\t\t\t\t\t\t\t\t\t\t<\/a>\n\t\t\t\t\t\t\t\t<!-- navigation arrows -->\n\t\t\t<button aria-label=\"Zur\u00fcck\" role=\"button\" tabindex=\"0\">\n\t\t\t<\/button>\n\t\t\t<button aria-label=\"Weiter\" role=\"button\" tabindex=\"0\">\n\t\t\t<\/button>\n\t\t\t\t\t\t<!-- pagination -->\n\tSatellite Office Munich<br>\nLudwigpalais\n\tLudwigstra\u00dfe 8<br>\nD &#8211; 80539 M\u00fcnchen\n\tPhone: <a href=\"tel:+4989206021600\">+49 (0) 89 20 60 21 600<\/a><br>\nTelefax: +49 (0) 89 20 60 21 610<br>\nE-Mail: <strong><a href=\"mailto:lupa@satelliteoffice.de\">lupa@satelliteoffice.de<\/a><\/strong>\n\t\t\t\t\t\t\t\t\t\t\t\t\t\t\t\t\t<a href=\"https:\/\/dev.satelliteoffice.de\/wp-content\/uploads\/2021\/11\/2020_01_21_NZ73864-1024x681.jpg\" target=\"_self\" data-caption=\"\" rel=\"noopener\">\n\t\t\t\t\t\t\t\t\t\t<\/a>\n\t\t\t\t\t\t\t\t\t\t\t\t\t\t\t\t\t<a href=\"https:\/\/dev.satelliteoffice.de\/wp-content\/uploads\/2021\/11\/Kaminlounge_72-1024x681.jpg\" target=\"_self\" data-caption=\"\" rel=\"noopener\">\n\t\t\t\t\t\t\t\t\t\t<\/a>\n\t\t\t\t\t\t\t\t\t\t\t\t\t\t\t\t\t<a href=\"https:\/\/dev.satelliteoffice.de\/wp-content\/uploads\/2021\/11\/2020_01_21NZ6_7369-1024x681.jpg\" target=\"_self\" data-caption=\"\" rel=\"noopener\">\n\t\t\t\t\t\t\t\t\t\t<\/a>\n\t\t\t\t\t\t\t\t\t\t\t\t\t\t\t\t\t<a href=\"https:\/\/dev.satelliteoffice.de\/wp-content\/uploads\/2021\/11\/2020_01_21NZ6_7893_72-1024x682.jpg\" target=\"_self\" data-caption=\"\" rel=\"noopener\">\n\t\t\t\t\t\t\t\t\t\t<\/a>\n\t\t\t\t\t\t\t\t\t\t\t\t\t\t\t\t\t<a href=\"https:\/\/dev.satelliteoffice.de\/wp-content\/uploads\/2021\/11\/2020_01_21NZ6_7360_72-1024x682.jpg\" target=\"_self\" data-caption=\"\" rel=\"noopener\">\n\t\t\t\t\t\t\t\t\t\t<\/a>\n\t\t\t\t\t\t\t\t\t\t\t\t\t\t\t\t\t<a href=\"https:\/\/dev.satelliteoffice.de\/wp-content\/uploads\/2021\/11\/2020_01_21NZ6_7376-1024x681.jpg\" target=\"_self\" data-caption=\"\" rel=\"noopener\">\n\t\t\t\t\t\t\t\t\t\t<\/a>\n\t\t\t\t\t\t\t\t\t\t\t\t\t\t\t\t\t<a href=\"https:\/\/dev.satelliteoffice.de\/wp-content\/uploads\/2021\/11\/2020_01_21NZ6_7482-1024x681.jpg\" target=\"_self\" data-caption=\"\" rel=\"noopener\">\n\t\t\t\t\t\t\t\t\t\t<\/a>\n\t\t\t\t\t\t\t\t\t\t\t\t\t\t\t\t\t<a href=\"https:\/\/dev.satelliteoffice.de\/wp-content\/uploads\/2021\/11\/2020_01_21_NZ73849-1024x681.jpg\" target=\"_self\" data-caption=\"\" rel=\"noopener\">\n\t\t\t\t\t\t\t\t\t\t<\/a>\n\t\t\t\t\t\t\t\t<!-- navigation arrows -->\n\t\t\t<button aria-label=\"Zur\u00fcck\" role=\"button\" tabindex=\"0\">\n\t\t\t<\/button>\n\t\t\t<button aria-label=\"Weiter\" role=\"button\" tabindex=\"0\">\n\t\t\t<\/button>\n\t\t\t\t\t\t<!-- pagination -->\n\tSatellite Office M\u00fcnchen<br>\nAlte Hopfenpost\n\tHopfenstra\u00dfe 8 \/ Rundfunkplatz 2<br>\nD &#8211; 80335 M\u00fcnchen\n\tTelefon:&nbsp;<a href=\"tel:+4989206054100\">+49 (0) 89 20 60 54 100<\/a><br>\nTelefax: +49 (0) 89 20 60 54 110<br>\nE-Mail:&nbsp;<strong><a href=\"mailto:ahopo@satelliteoffice.de\">ahopo@satelliteoffice.de<\/a><\/strong>\n<h2>\n\t\tBusiness address in Munich\n\t<\/h2>\n\t<p><strong>Matches with any business card.<\/strong><\/p>\n<p>Your company does not currently require a fixed location, but you would still like a prestigious <strong>business address in Munich<\/strong>? With our satellite office in Munich, directly in the sought-after Maxvorstadt, you get a business address with which you make an impression on customers and business partners &#8211; from the very first second.<\/p>\n<h3>\n\t\tYour best address.\n\t<\/h3>\n<h3>\n\t\tIs from now on also in Munich.\n\t<\/h3>\n\t<ul>\n<li>First class business address<\/li>\n<li>Unlimited mail and parcel acceptance<\/li>\n<li>Master Membership<\/li>\n<li>Access to the Open Space incl. free WiFi (fair use)<\/li>\n<\/ul>\n<p>additionally bookable:<\/p>\n<ul>\n<li>Your company sign on the signage system in the foyer<\/li>\n<li>Postscan. Scan-to-Mail Flat Rate<\/li>\n<li>Telephone secretariat. Always available<\/li>\n<\/ul>\n\t\t\t<a href=\"#kontakt\" target=\"_self\" rel=\"noopener\">\n\t\t\t\t\t\tSave offer from 149 \u20ac Monthly\n\t\t\t\t\t<\/a>\n<h3>\n\t\tMaximilian B\u00f6lte\n\t<\/h3>\n\t<p><strong>&#8220;<\/strong>Servus in Munich! I will be happy to answer any questions you may have about our Satellite Offices in the metropolis on the Isar. I look forward to your call or contact.<strong>&#8220;<\/strong><\/p>\n<h3>\n\t\tPlease contact us\n\t<\/h3>\n\t\n\t\n\tNotice: JavaScript is required for this content.\n        <!-- That data is being printed as a workaround to page builders reordering the order of the scripts loaded-->\n","protected":false},"excerpt":{"rendered":"<p>Business address in Munich [wpbb-if post:acf type=&#8221;radio&#8221; name=&#8221;scroller_auswahl&#8221; exp=&#8221;equals&#8221; value=&#8221;contact&#8221;] [wpbb post:acf type=&#8221;text&#8221; name=&#8221;kontakt_text&#8221;] [wpbb post:acf type=&#8221;text&#8221; name=&#8221;kontakt_button_text&#8221;] [\/wpbb-if] [wpbb-if post:acf type=&#8221;radio&#8221; name=&#8221;scroller_auswahl&#8221; exp=&#8221;equals&#8221; value=&#8221;location&#8221;] Locations Locations Berlin Franz\u00f6sische Str. 12 Kurf\u00fcrstendamm 194 Kurf\u00fcrstendamm 15 Unter den Linden 10 Dusseldorf K\u00f6nigsallee 27 Frankfurt am Main Opernplatz 14 Hamburg Ballindamm 27 New Wall 10 Munich Rundfunkplatz&hellip;<\/p>\n","protected":false},"author":11,"featured_media":0,"parent":35021,"menu_order":1,"comment_status":"closed","ping_status":"closed","template":"","meta":{"_acf_changed":false,"_seopress_robots_primary_cat":"","_seopress_titles_title":"Business Address Munich | Satellite Office","_seopress_titles_desc":"Business address in Munich at Satellite Office \u2713 Rundfunkplatz 2 \u2713 Ludwigstra\u00dfe 8 \u25ba Your decisive company advantage. Request now!","_seopress_robots_index":"","inline_featured_image":false,"footnotes":""},"acf":[],"_links":{"self":[{"href":"https:\/\/dev.satelliteoffice.de\/en\/wp-json\/wp\/v2\/pages\/24974"}],"collection":[{"href":"https:\/\/dev.satelliteoffice.de\/en\/wp-json\/wp\/v2\/pages"}],"about":[{"href":"https:\/\/dev.satelliteoffice.de\/en\/wp-json\/wp\/v2\/types\/page"}],"author":[{"embeddable":true,"href":"https:\/\/dev.satelliteoffice.de\/en\/wp-json\/wp\/v2\/users\/11"}],"replies":[{"embeddable":true,"href":"https:\/\/dev.satelliteoffice.de\/en\/wp-json\/wp\/v2\/comments?post=24974"}],"version-history":[{"count":1,"href":"https:\/\/dev.satelliteoffice.de\/en\/wp-json\/wp\/v2\/pages\/24974\/revisions"}],"predecessor-version":[{"id":69606,"href":"https:\/\/dev.satelliteoffice.de\/en\/wp-json\/wp\/v2\/pages\/24974\/revisions\/69606"}],"up":[{"embeddable":true,"href":"https:\/\/dev.satelliteoffice.de\/en\/wp-json\/wp\/v2\/pages\/35021"}],"wp:attachment":[{"href":"https:\/\/dev.satelliteoffice.de\/en\/wp-json\/wp\/v2\/media?parent=24974"}],"curies":[{"name":"wp","href":"https:\/\/api.w.org\/{rel}","templated":true}]}}