{"id":28446,"date":"2022-07-19T17:50:27","date_gmt":"2022-07-19T15:50:27","guid":{"rendered":"https:\/\/www.satelliteoffice.de\/the-company\/awards\/"},"modified":"2022-12-05T11:00:20","modified_gmt":"2022-12-05T10:00:20","slug":"awards","status":"publish","type":"page","link":"https:\/\/dev.satelliteoffice.de\/en\/the-company\/awards\/","title":{"rendered":"Awards"},"content":{"rendered":"\n<h1>\n\t\tSatellite Office <br><zweitelinie> Ausgezeichnet\n\t<\/zweitelinie><\/h1>\n<h1>\n\t\tDiese Auszeichnungen stehen f\u00fcr Leidenschaft. \n\t<\/h1>\n\t<p>Seit \u00fcber 25 Jahren stellt Satellite Office mit Leidenschaft den Menschen in den Mittelpunkt und ist dabei der Wegbereiter und Taktgeber f\u00fcr die Ver\u00e4nderungen in der Office-Welt. Die Awards zeigen nun, dass das Unternehmen auf das richtige Konzept setzt: Innovationen gepaart absoluter Qualit\u00e4t f\u00fcr Workspaces und Business Center. Gemacht f\u00fcr Menschen mit Anspruch. Das hat Zukunft. Auch f\u00fcr Sie.<\/p>\n\t\t\t\t<img decoding=\"async\" src=\"https:\/\/dev.satelliteoffice.de\/wp-content\/uploads\/2022\/06\/Website-Batch-Herausragend_de-300x300.png\" alt=\"Website-Batch-Herausragend_de\" itemprop=\"image\" height=\"300\" width=\"300\" title=\"Website-Batch-Herausragend_de\" onerror=\"this.style.display='none'\">\n\t\t\t\t<img decoding=\"async\" src=\"https:\/\/dev.satelliteoffice.de\/wp-content\/uploads\/2022\/05\/best_workspace_award-removebg-preview_png-e1647251020876.png\" alt=\"best_workspace_award-removebg-preview_png-e1647251020876\" itemprop=\"image\" height=\"221\" width=\"220\" title=\"best_workspace_award-removebg-preview_png-e1647251020876\" onerror=\"this.style.display='none'\">\n\t\t\t\t<img decoding=\"async\" src=\"https:\/\/dev.satelliteoffice.de\/wp-content\/plugins\/bb-plugin\/img\/pixel.png\" alt=\"\" itemprop=\"image\" onerror=\"this.style.display='none'\">\n\t\t\t\t<img decoding=\"async\" src=\"https:\/\/dev.satelliteoffice.de\/wp-content\/uploads\/2022\/05\/Award-757x1024-1-222x300.png\" alt=\"Award-757x1024\" itemprop=\"image\" height=\"300\" width=\"222\" title=\"Award-757x1024\" onerror=\"this.style.display='none'\">\n\t\t\t\t<img decoding=\"async\" src=\"https:\/\/dev.satelliteoffice.de\/wp-content\/uploads\/2022\/05\/SLA-AUSZEICHNUNG-e1653469088374.jpg\" alt=\"SLA-AUSZEICHNUNG\" itemprop=\"image\" height=\"228\" width=\"220\" title=\"SLA-AUSZEICHNUNG\" onerror=\"this.style.display='none'\">\n<h2>\n\t\tSATELLITE OFFICE GEH\u00d6RT OFFIZIELL ZU DEN SCH\u00d6NSTEN MEETINGLOCATIONS DER SCHWEIZ.\n\t<\/h2>\n\t<p>28&#8217;346 Veranstalter*innen, Besucher*innen sowie eine unabh\u00e4ngige Fachjury haben im Rahmen des diesj\u00e4hrigen Swiss Location Awards entschieden: Das Haus Gryffenberg, Satellite Office geh\u00f6rt zu den sch\u00f6nsten Meetinglocations der Schweiz!<\/p>\n<p>Dass die Location mit 9.2 von 10 Punkten beim Swiss Location Award 2022 mit dem G\u00fctesiegel Herausragend ausgezeichnet wurde, freut das Haus Gryffenberg, Satellite Office Team ausserordentlich. \u00abDie Auszeichnung zeigt uns, dass unsere Arbeit von Veranstalter*innen und Besucher*innen gesch\u00e4tzt wird und motiviert uns, auch weiterhin bei jedem Anlass unser Bestes zu geben, damit unsere G\u00e4ste einen unvergesslichen Aufenthalt bei uns erleben k\u00f6nnen\u00bb &#8211; l\u00e4sst sich Josefin Herget, Assistant Director Haus Gryffenberg, Satellite Office, zitieren.<\/p>\n\t\t\t\t<img decoding=\"async\" src=\"https:\/\/dev.satelliteoffice.de\/wp-content\/uploads\/2022\/06\/Website-Batch-Herausragend_de-300x300.png\" alt=\"Website-Batch-Herausragend_de\" itemprop=\"image\" height=\"300\" width=\"300\" title=\"Website-Batch-Herausragend_de\" onerror=\"this.style.display='none'\">\n\t<meta itemprop=\"url\" content=\"https:\/\/dev.satelliteoffice.de\/wp-content\/uploads\/2022\/03\/BestWorkSpaces26k-1-1.mp4\"><div style=\"width: 640px;\" class=\"wp-video\"><!--[if lt IE 9]><script>document.createElement('video');<\/script><![endif]-->\n<video muted class=\"wp-video-shortcode\" id=\"video-28446-1\" width=\"640\" height=\"360\" loop=\"1\" autoplay=\"1\" preload=\"metadata\" controls=\"controls\"><source type=\"video\/mp4\" src=\"https:\/\/dev.satelliteoffice.de\/wp-content\/uploads\/2022\/03\/BestWorkSpaces26k-1-1.mp4?_=1\" \/><a href=\"https:\/\/dev.satelliteoffice.de\/wp-content\/uploads\/2022\/03\/BestWorkSpaces26k-1-1.mp4\">https:\/\/dev.satelliteoffice.de\/wp-content\/uploads\/2022\/03\/BestWorkSpaces26k-1-1.mp4<\/a><\/video><\/div>\n\t\t\t\t<img decoding=\"async\" src=\"https:\/\/dev.satelliteoffice.de\/wp-content\/uploads\/2022\/03\/best_workspace_award-removebg-preview_png-e1647251020876.png\" alt=\"best_workspace_award-removebg-preview_png\" itemprop=\"image\" height=\"221\" width=\"220\" title=\"best_workspace_award-removebg-preview_png\" onerror=\"this.style.display='none'\">\n<h2>\n\t\tBest Workplaces 2022\n\t<\/h2>\n\t<p>Satellite Office erh\u00e4lt mit dem \u201eBest-Workspaces-Award 2022&#8243; eine weitere Auszeichnung f\u00fcr sein Gesamtkonzept \u201epureSilent\u00ae. Besonders \u00fcberzeugt hat die unabh\u00e4ngige Expertenjury die luxuri\u00f6se Einrichtung gepaart mit neuester Workspace-Funktionalit\u00e4t. Das Satellite Office in Frankfurt ist offen gehalten mit einer ruhigen Fokussierung auf definierte Farb- und Materialwelten. Rahmenlose Glasw\u00e4nde erzeugen neue kleine R\u00e4ume. So entstand ein offenes Arbeitsumfeld mit \u00fcberraschenden Blicken durch die B\u00fcror\u00e4ume direkt auf die Alte Oper. Entspannte Farben heben atmosph\u00e4risch die Sonderfunktionen wie die \u201eSilent Cubes&#8221; und die \u201eDigital Rooms&#8221; hervor.<\/p>\n<p>Das hier preisgekr\u00f6nte B\u00fcrokonzept wurde in Zusammenarbeit mit Spezialisten f\u00fcr Schallschutz und Akustik, f\u00fcr Farben und Licht, f\u00fcr ergonomisches B\u00fcrodesign und mit Wissenschaftlerinnen der Universit\u00e4t St. Gallen entwickelt.<\/p>\n<h2>\n\t\tIconic Award 2021\n\t<\/h2>\n\t<p>Satellite Office ist mit dem ICONIC AWARD 2021 f\u00fcr die Kategorie innovatives Interior Design ausgezeichnet worden. Der Award ist ein international renommierter Design- und Architekturpreis, der vom Rat der Formgebung ausgelobt wird, um die Besten der Besten in den Bereichen Architektur, Innenarchitektur, Produktdesign und Markenkommunikation auszuzeichnen.<\/p>\n<p>Der Award steht f\u00fcr L\u00f6sungen, die mit vision\u00e4rer Kraft neue Impulse geben und diese ganzheitlich vorantreiben. Wie konzentriertes Arbeiten im Luxury Workspace funktioniert, kann man bei Satellite Office par excellence erfahren. Die Gestaltung der Arbeitspl\u00e4tze, Silent Cubes und Breakout-Areas nach dem pureSilent\u00ae-Gesamtkonzept ist die perfekte Voraussetzung f\u00fcr Deep Work auf h\u00f6chstem Niveau.<\/p>\n\t\t\t\t<img decoding=\"async\" src=\"https:\/\/dev.satelliteoffice.de\/wp-content\/uploads\/2022\/03\/Award-222x300.png\" alt=\"Award\" itemprop=\"image\" height=\"300\" width=\"222\" title=\"Award\" onerror=\"this.style.display='none'\">\n\t<p>Anita G\u00f6diker und der Rat der Formgebung<\/p>\n\t\t\t\t<img decoding=\"async\" src=\"https:\/\/dev.satelliteoffice.de\/wp-content\/uploads\/2022\/05\/Buero_1_Kundenmeetingraum.jpg\" alt=\"Projekt: Referenzfotografie Renz M\u00f6bel, Z\u00fcrich\" itemprop=\"image\" height=\"1280\" width=\"1920\" title=\"AQ449\" onerror=\"this.style.display='none'\">\n\t\t\t\t<img decoding=\"async\" src=\"https:\/\/dev.satelliteoffice.de\/wp-content\/uploads\/2022\/05\/SLA-AUSZEICHNUNG-e1653469088374.jpg\" alt=\"SLA-AUSZEICHNUNG\" itemprop=\"image\" height=\"228\" width=\"220\" title=\"SLA-AUSZEICHNUNG\" onerror=\"this.style.display='none'\">\n<h2>\n\t\tSwiss Location Award 2021\n\t<\/h2>\n\t<p>Satellite Office- Haus Gryffenberg wurde am 31. Mai 2021 mit dem Swiss Location Award 2021 mit einem Ranking von 9.2 ausgezeichnet.<\/p>\n<p>Im Rahmen des Swiss Location Awards 2021 haben vom 1. &#8211; 31. Mai 2021, 27&#8217;923 Veranstalter*innen, Besucher*innen und Locationfans sowie eine unabh\u00e4ngige Fachjury die besten und sch\u00f6nsten Locations der Schweiz bewertet. Nominiert waren mehr als 900 Locations aus allen Landesteilen.<\/p>\n<h2>\n\t\tWas Satellite Office <zweitelinie>auszeichnet\n\t<\/zweitelinie><\/h2>\n\t\t\t\t<img decoding=\"async\" src=\"https:\/\/dev.satelliteoffice.de\/wp-content\/uploads\/2022\/03\/business-network-e1647439784577.gif\" alt=\"business-network\" itemprop=\"image\" height=\"50\" width=\"50\" title=\"business-network\" onerror=\"this.style.display='none'\">\n\t<strong>Inhaberin-gef\u00fchrt <\/strong><br>\nund nicht Investmentfonds-gesteuert.\n\t\t\t\t<img decoding=\"async\" src=\"https:\/\/dev.satelliteoffice.de\/wp-content\/uploads\/2022\/03\/gears-e1647442057536.gif\" alt=\"gears\" itemprop=\"image\" height=\"50\" width=\"50\" title=\"gears\" onerror=\"this.style.display='none'\">\n\t<strong>Absolute Premiumstrategie. <\/strong><br>\nDas erkennen Sie an Standorten, Lage und Ausstattung.\n\t\t\t\t<img decoding=\"async\" src=\"https:\/\/dev.satelliteoffice.de\/wp-content\/uploads\/2022\/03\/design-e1647441657505.gif\" alt=\"design\" itemprop=\"image\" height=\"50\" width=\"50\" title=\"design\" onerror=\"this.style.display='none'\">\n\t<strong>Eigene entwickelte Philosophie <\/strong><br>\n(pureSilent) &#8211; der Mensch im Mittelpunkt.\n\t\t\t\t<img decoding=\"async\" src=\"https:\/\/dev.satelliteoffice.de\/wp-content\/uploads\/2022\/03\/guarantee-e1647441745840.gif\" alt=\"guarantee\" itemprop=\"image\" height=\"50\" width=\"50\" title=\"guarantee\" onerror=\"this.style.display='none'\">\n\t<p><strong>Seit Jahrzehnten erfolgreich <\/strong><br>am Markt. Das bedeutet Qualit\u00e4ts-Sicherheit.<\/p>\n\t\t\t\t<img decoding=\"async\" src=\"https:\/\/dev.satelliteoffice.de\/wp-content\/uploads\/2022\/03\/place-marker-e1647439696481.gif\" alt=\"place-marker\" itemprop=\"image\" height=\"50\" width=\"50\" title=\"place-marker\" onerror=\"this.style.display='none'\">\n\t<strong>Lage. Lage. Lage. <\/strong><br>\nbeste Adressen f\u00fcr Ihr Image, H\u00e4user mit Geschichte, repr\u00e4sentative Eingangsbereiche, Hauptfoyers mit Wow-Effekt.\n\t\t\t\t<img decoding=\"async\" src=\"https:\/\/dev.satelliteoffice.de\/wp-content\/uploads\/2022\/03\/airplane-mode-on-e1647439575218.gif\" alt=\"airplane-mode-on\" itemprop=\"image\" height=\"50\" width=\"50\" title=\"airplane-mode-on\" onerror=\"this.style.display='none'\">\n\t<p><strong>Internationale Ausrichtung <\/strong><br>unter einem Schweizer Firmendach, mit vielen Synergieeffekten z.B. f\u00fcr Kunden, die an mehreren Standorten agieren.<\/p>\n","protected":false},"excerpt":{"rendered":"<p>Satellite Office Ausgezeichnet Diese Auszeichnungen stehen f\u00fcr Leidenschaft. Seit \u00fcber 25 Jahren stellt Satellite Office mit Leidenschaft den Menschen in den Mittelpunkt und ist dabei der Wegbereiter und Taktgeber f\u00fcr die Ver\u00e4nderungen in der Office-Welt. Die Awards zeigen nun, dass das Unternehmen auf das richtige Konzept setzt: Innovationen gepaart absoluter Qualit\u00e4t f\u00fcr Workspaces und Business&hellip;<\/p>\n","protected":false},"author":11,"featured_media":39071,"parent":12471,"menu_order":0,"comment_status":"closed","ping_status":"closed","template":"","meta":{"_acf_changed":false,"_seopress_robots_primary_cat":"","_seopress_titles_title":"","_seopress_titles_desc":"","_seopress_robots_index":"","inline_featured_image":false,"footnotes":""},"acf":[],"_links":{"self":[{"href":"https:\/\/dev.satelliteoffice.de\/en\/wp-json\/wp\/v2\/pages\/28446"}],"collection":[{"href":"https:\/\/dev.satelliteoffice.de\/en\/wp-json\/wp\/v2\/pages"}],"about":[{"href":"https:\/\/dev.satelliteoffice.de\/en\/wp-json\/wp\/v2\/types\/page"}],"author":[{"embeddable":true,"href":"https:\/\/dev.satelliteoffice.de\/en\/wp-json\/wp\/v2\/users\/11"}],"replies":[{"embeddable":true,"href":"https:\/\/dev.satelliteoffice.de\/en\/wp-json\/wp\/v2\/comments?post=28446"}],"version-history":[{"count":0,"href":"https:\/\/dev.satelliteoffice.de\/en\/wp-json\/wp\/v2\/pages\/28446\/revisions"}],"up":[{"embeddable":true,"href":"https:\/\/dev.satelliteoffice.de\/en\/wp-json\/wp\/v2\/pages\/12471"}],"wp:featuredmedia":[{"embeddable":true,"href":"https:\/\/dev.satelliteoffice.de\/en\/wp-json\/wp\/v2\/media\/39071"}],"wp:attachment":[{"href":"https:\/\/dev.satelliteoffice.de\/en\/wp-json\/wp\/v2\/media?parent=28446"}],"curies":[{"name":"wp","href":"https:\/\/api.w.org\/{rel}","templated":true}]}}