{"id":28566,"date":"2022-07-19T17:52:25","date_gmt":"2022-07-19T15:52:25","guid":{"rendered":"https:\/\/www.satelliteoffice.de\/virtual-office\/koenigstrasse-35\/"},"modified":"2023-09-25T16:02:02","modified_gmt":"2023-09-25T14:02:02","slug":"koenigstrasse-35","status":"publish","type":"page","link":"https:\/\/dev.satelliteoffice.de\/en\/virtual-office\/koenigstrasse-35\/","title":{"rendered":"Virtual Office in Stuttgart"},"content":{"rendered":"\n<h1>\n\t\tVirtual Office<br> <zweitelinie> K\u00f6nigstra\u00dfe 35\n\t<\/zweitelinie><\/h1>\n\t[wpbb-if post:acf type=&#8217;radio&#8217; name=&#8217;scroller_auswahl&#8217; exp=&#8217;equals&#8217; value=&#8217;kontakt&#8217;]\n[wpbb post:acf type=&#8217;text&#8217; name=&#8217;kontakt_text&#8217;]\n<a role=\"button\" href=\"acf type='url' name='kontakt_button_link']\" target=\"_self\" rel=\"noopener\"> [wpbb post:acf type=&#8217;text&#8217; name=&#8217;kontakt_button_text&#8217;]<\/a>\n[\/wpbb-if]\n[wpbb-if post:acf type=&#8217;radio&#8217; name=&#8217;scroller_auswahl&#8217; exp=&#8217;equals&#8217; value=&#8217;standort&#8217;]\n                                Standorte\n\t\t\t\t\t\t\t\tStandorte\n\t\t\t\t\t\t\t\t\t<ul>\n\t\t\t\t\t\t\t\t\t\t<li>\n\t\t\t\t\t\t\t\t\t\t\t<a href=\"https:\/\/dev.satelliteoffice.de\/standorte\/#berlin\">Berlin<\/a>\n\t\t\t\t\t\t\t\t\t\t\t<ul>\n\t\t\t\t\t\t\t\t\t\t\t\t<li><a href=\"https:\/\/dev.satelliteoffice.de\/standorte\/berlin\/kaiserliche-postdirektion\/#office-spaces\">Franz\u00f6sische Str. 12<\/a><\/li>\n\t\t\t\t\t\t\t\t\t\t\t\t<li><a href=\"https:\/\/dev.satelliteoffice.de\/en\/locations\/berlin\/haus-cumberland\/#office-spaces\">Kurf\u00fcrstendamm 194<\/a><\/li>\n\t\t\t\t\t\t\t\t\t\t\t\t<li><a href=\"https:\/\/dev.satelliteoffice.de\/standorte\/berlin\/kud15-gloria-berlin\/#office-spaces\">Kurf\u00fcrstendamm 15<\/a><\/li>\n\t\t\t\t\t\t\t\t\t\t\t\t<li><a href=\"https:\/\/dev.satelliteoffice.de\/standorte\/berlin\/roemischer-hof\/#office-spaces\">Unter den Linden 10<\/a><\/li>\n\t\t\t\t\t\t\t\t\t\t\t<\/ul>\n\t\t\t\t\t\t\t\t\t\t<\/li>\n\t\t\t\t\t\t\t\t\t\t<li>\n\t\t\t\t\t\t\t\t\t\t\t<a href=\"https:\/\/dev.satelliteoffice.de\/standorte\/duesseldorf\/#office-spaces\">D\u00fcsseldorf<\/a>\n\t\t\t\t\t\t\t\t\t\t\t<ul>\n\t\t\t\t\t\t\t\t\t\t\t\t<li><a href=\"https:\/\/dev.satelliteoffice.de\/standorte\/duesseldorf\/#office-spaces\">K\u00f6nigsallee 27<\/a><\/li>\n\t\t\t\t\t\t\t\t\t\t\t<\/ul>\n\t\t\t\t\t\t\t\t\t\t<\/li>\n\t\t\t\t\t\t\t\t\t\t<li>\n\t\t\t\t\t\t\t\t\t\t\t<a href=\"https:\/\/dev.satelliteoffice.de\/standorte\/frankfurt-am-main\/#office-spaces\">Frankfurt am Main<\/a>\n\t\t\t\t\t\t\t\t\t\t\t<ul>\n\t\t\t\t\t\t\t\t\t\t\t\t<li><a href=\"https:\/\/dev.satelliteoffice.de\/standorte\/frankfurt-am-main\/#office-spaces\">Opernplatz 14<\/a><\/li>\n\t\t\t\t\t\t\t\t\t\t\t<\/ul>\n\t\t\t\t\t\t\t\t\t\t<\/li>\n\t\t\t\t\t\t\t\t\t\t<li>\n\t\t\t\t\t\t\t\t\t\t\t<a href=\"https:\/\/dev.satelliteoffice.de\/standorte\/#hamburg\">Hamburg<\/a>\n\t\t\t\t\t\t\t\t\t\t\t<ul>\n\t\t\t\t\t\t\t\t\t\t\t\t<li><a href=\"https:\/\/dev.satelliteoffice.de\/standorte\/hamburg\/ballindamm-27\/#office-spaces\">Ballindamm 27<\/a><\/li>\n\t\t\t\t\t\t\t\t\t\t\t\t<li><a href=\"https:\/\/dev.satelliteoffice.de\/standorte\/hamburg\/gutruf-haus\/#office-spaces\">Neuer Wall 10<\/a><\/li>\n\t\t\t\t\t\t\t\t\t\t\t<\/ul>\n\t\t\t\t\t\t\t\t\t\t<\/li>\n\t\t\t\t\t\t\t\t\t\t<li>\n\t\t\t\t\t\t\t\t\t\t\t<a href=\"https:\/\/dev.satelliteoffice.de\/standorte\/#m\u00fcnchen\">M\u00fcnchen<\/a>\n\t\t\t\t\t\t\t\t\t\t\t<ul>\n\t\t\t\t\t\t\t\t\t\t\t\t\t\t\t\t\t\t\t\t\t\t\t\t<li><a href=\"https:\/\/dev.satelliteoffice.de\/standorte\/muenchen\/alte-hopfenpost\/#office-spaces\">Rundfunkplatz 2<\/a><\/li>\n\t\t\t\t\t\t\t\t\t\t\t\t<li><a href=\"https:\/\/dev.satelliteoffice.de\/standorte\/muenchen\/ludwigpalais\/#office-spaces\">Ludwigstra\u00dfe 8<\/a><\/li>\n\t\t\t\t\t\t\t\t\t\t\t<\/ul>\n\t\t\t\t\t\t\t\t\t\t<\/li>\n\t\t\t\t\t\t\t\t\t<\/ul>\n\t\t\t\t\t\t\t\t\t\n\t\t\t\t\t\t\t\t\t\t<br>Schweiz\t\t\t\t\t\t\t\t\t\n\t\t\t\t\t\t\t\t\t<ul>\n\t\t\t\t\t\t\t\t\t\t\t\t\t\t\t\t\t\t\t\t<li>\n\t\t\t\t\t\t\t\t\t\t\t<a href=\"https:\/\/dev.satelliteoffice.de\/standorte\/zuerich\/#office-spaces\">Z\u00fcrich<\/a>\n\t\t\t\t\t\t\t\t\t\t\t<ul>\n\t\t\t\t\t\t\t\t\t\t\t\t<li><a href=\"https:\/\/dev.satelliteoffice.de\/standorte\/zuerich\/#office-spaces\">Bahnhofstrasse 10<\/a><\/li>\n\t\t\t\t\t\t\t\t\t\t\t<\/ul>\n\t\t\t\t\t\t\t\t\t\t<\/li>\n\t\t\t\t\t\t\t\t\t<\/ul>\n\t\t\t\t\t\t\t\t<p>Verf\u00fcgbar in:<br>Deutschland<\/p>\n\t\t\t\t\t\t\t\t<ul>\n\t\t\t\t\t\t\t\t\t<li>\n\t\t\t\t\t\t\t\t\t\t<a href=\"https:\/\/dev.satelliteoffice.de\/standorte\/#berlin\">Berlin<\/a>\n\t\t\t\t\t\t\t\t\t\t<ul>\n\t\t\t\t\t\t\t\t\t\t\t<li><a href=\"https:\/\/dev.satelliteoffice.de\/standorte\/berlin\/kaiserliche-postdirektion\/#office-spaces\">Franz\u00f6sische Str. 12<\/a><\/li>\n\t\t\t\t\t\t\t\t\t\t\t<li><a href=\"https:\/\/dev.satelliteoffice.de\/en\/locations\/berlin\/haus-cumberland\/#office-spaces\">Kurf\u00fcrstendamm 194<\/a><\/li>\n\t\t\t\t\t\t\t\t\t\t\t<li><a href=\"https:\/\/dev.satelliteoffice.de\/standorte\/berlin\/kud15-gloria-berlin\/#office-spaces\">Kurf\u00fcrstendamm 15<\/a><\/li>\n\t\t\t\t\t\t\t\t\t\t\t<li><a href=\"https:\/\/dev.satelliteoffice.de\/standorte\/berlin\/roemischer-hof\/#office-spaces\">Unter den Linden 10<\/a><\/li>\n\t\t\t\t\t\t\t\t\t\t<\/ul>\n\t\t\t\t\t\t\t\t\t<\/li>\n\t\t\t\t\t\t\t\t\t<li>\n\t\t\t\t\t\t\t\t\t\t<a href=\"https:\/\/dev.satelliteoffice.de\/standorte\/duesseldorf\/#office-spaces\">D\u00fcsseldorf<\/a>\n\t\t\t\t\t\t\t\t\t\t<ul>\n\t\t\t\t\t\t\t\t\t\t\t<li><a href=\"https:\/\/dev.satelliteoffice.de\/standorte\/duesseldorf\/#office-spaces\">K\u00f6nigsallee 27<\/a><\/li>\n\t\t\t\t\t\t\t\t\t\t<\/ul>\n\t\t\t\t\t\t\t\t\t<\/li>\n\t\t\t\t\t\t\t\t\t<li>\n\t\t\t\t\t\t\t\t\t\t<a href=\"https:\/\/dev.satelliteoffice.de\/standorte\/frankfurt-am-main\/#office-spaces\">Frankfurt am Main<\/a>\n\t\t\t\t\t\t\t\t\t\t<ul>\n\t\t\t\t\t\t\t\t\t\t\t<li><a href=\"https:\/\/dev.satelliteoffice.de\/standorte\/frankfurt-am-main\/#office-spaces\">Opernplatz 14<\/a><\/li>\n\t\t\t\t\t\t\t\t\t\t<\/ul>\n\t\t\t\t\t\t\t\t\t<\/li>\n\t\t\t\t\t\t\t\t\t<li>\n\t\t\t\t\t\t\t\t\t\t<a href=\"https:\/\/dev.satelliteoffice.de\/standorte\/#hamburg\">Hamburg<\/a>\n\t\t\t\t\t\t\t\t\t\t<ul>\n\t\t\t\t\t\t\t\t\t\t\t<li><a href=\"https:\/\/dev.satelliteoffice.de\/standorte\/hamburg\/ballindamm-27\/#office-spaces\">Ballindamm 27<\/a><\/li>\n\t\t\t\t\t\t\t\t\t\t\t<li><a href=\"https:\/\/dev.satelliteoffice.de\/standorte\/hamburg\/gutruf-haus\/#office-spaces\">Neuer Wall 10<\/a><\/li>\n\t\t\t\t\t\t\t\t\t\t<\/ul>\n\t\t\t\t\t\t\t\t\t<\/li>\n\t\t\t\t\t\t\t\t\t<li>\n\t\t\t\t\t\t\t\t\t\t<a href=\"https:\/\/dev.satelliteoffice.de\/standorte\/#m\u00fcnchen\">M\u00fcnchen<\/a>\n\t\t\t\t\t\t\t\t\t\t<ul>\n\t\t\t\t\t\t\t\t\t\t\t<li><a href=\"https:\/\/dev.satelliteoffice.de\/standorte\/muenchen\/alte-hopfenpost\/#office-spaces\">Rundfunkplatz 2<\/a><\/li>\n\t\t\t\t\t\t\t\t\t\t\t<li><a href=\"https:\/\/dev.satelliteoffice.de\/standorte\/muenchen\/ludwigpalais\/#office-spaces\">Ludwigstra\u00dfe 8<\/a><\/li>\n\t\t\t\t\t\t\t\t\t\t<\/ul>\n\t\t\t\t\t\t\t\t\t<\/li>\n\t\t\t\t\t\t\t\t<\/ul>\n\t\t\t\t\t\t\t\t\n\t\t\t\t\t\t\t\t\t<br>Schweiz\n\t\t\t\t\t\t\t\t<ul>\n\t\t\t\t\t\t\t\t\t <li>\n\t\t\t\t\t\t\t\t\t\t<a href=\"https:\/\/dev.satelliteoffice.de\/standorte\/zuerich\/\">Z\u00fcrich<!--?php echo #office-spaces; ?--><\/a>\n\t\t\t\t\t\t\t\t\t\t<ul>\n\t\t\t\t\t\t\t\t\t\t\t<li><a href=\"https:\/\/dev.satelliteoffice.de\/standorte\/zuerich\/#office-spaces\">Bahnhofstrasse 10<\/a><\/li>\n\t\t\t\t\t\t\t\t\t\t<\/ul>\n\t\t\t\t\t\t\t\t\t<\/li>\n\t\t\t\t\t\t\t\t<\/ul>\n[\/wpbb-if]\n[wpbb-if post:acf type=&#8217;radio&#8217; name=&#8217;scroller_auswahl&#8217; exp=&#8217;equals&#8217; value=&#8217;ansprechpartner&#8217;]\n        <h4>[wpbb post:acf type=&#8217;text&#8217; name=&#8217;ansprechpartner_titel&#8217;]<\/h4>\n        <h4>[wpbb post:acf type=&#8217;text&#8217; name=&#8217;ansprechpartner_name&#8217;]<\/h4>\n        [wpbb post:acf type=&#8217;text&#8217; name=&#8217;ansprechpartner_ort&#8217;]<br>\n\t\t\t\ttel:[wpbb post:acf type=&#8217;text&#8217; name=&#8217;ansprechpartner_telefon&#8217;]\n\t\t\t\t\t\t<p>[wpbb post:acf type=&#8217;text&#8217; name=&#8217;ansprechpartner_telefon&#8217;]<\/p>\n\t<a role=\"button\" href=\"#kontakt\" target=\"_self\" rel=\"noopener\"> Anfrage senden<\/a>\n[\/wpbb-if]\n[wpbb-if post:acf type=&#8217;radio&#8217; name=&#8217;scroller_auswahl&#8217; exp=&#8217;equals&#8217; value=&#8217;custom&#8217;]\n[wpbb post:acf type=&#8217;text&#8217; name=&#8217;custom_html&#8217;]\n[\/wpbb-if]\n<h3>\n\t\tIhre Vorteile\n\t<\/h3>\n<h3>\n\t\tVirtual Office <br>K\u00f6nigstra\u00dfe 35\n\t<\/h3>\n<p><strong>Virtual Office: Das Rundum-Sorglos-Paket.<\/strong><\/p>\n<p>Das repr\u00e4sentative&nbsp;<strong>Virtual Office K\u00f6nigstra\u00dfe 35 <\/strong>1A-Lage ist ein Renner f\u00fcr alle Gr\u00fcnder. Seriosit\u00e4t schafft Vertrauen bei Ihren Gesch\u00e4ftspartnern, daher ist das Virtual Office bei Satellite Office garantiert die richtige Wahl f\u00fcr Ihre Visitenkarte, ist das Fundament f\u00fcr eine erfolgreiche Kundenakquise und l\u00e4sst Ihre Privatadresse privat bleiben. Ideal zum sofortigen Start ohne Risiko. Ohne kostenintensive Anschaffungen, ohne Langzeitvertr\u00e4ge. Ihre Post kommt garantiert immer an und Telefonrufe werden kompetent und auf Wunsch auch mehrsprachig entgegengenommen. Wenn sich die Anmietung von B\u00fcror\u00e4umen oder Gesch\u00e4ftsr\u00e4umen noch nicht lohnt, ist das <strong>Virtual Office K\u00f6nigstra\u00dfe 35 <\/strong>bei Satellite Office die richtige Wahl. Dabei profitieren Sie von maximaler Flexibilit\u00e4t und k\u00f6nnen jederzeit kurzfristig auf zus\u00e4tzliche Serviceleistungen, wie Konferenzr\u00e4ume, B\u00fcror\u00e4ume oder Sekretariatsarbeiten, zur\u00fcckgreifen.<\/p>\n<p>Und mit der Membershipkarte erhalten Sie nicht nur Zutritt zu allen Satellite Office Coworking Spaces, sondern auch Zugang zu einem sehr feinen Netzwerkkreis in Deutschland, Italien und der Schweiz.<\/p>\n\t\t\t\t\t\t<!-- pagination -->\n\t<p><strong>Repr\u00e4sentativ und bequem.<\/strong><\/p>\n<p>F\u00fcr Ihr Gesch\u00e4ft brauchen Sie keine dauerhaften B\u00fcror\u00e4ume anmieten, w\u00fcnschen sich aber eine eindrucksvolle Businessadresse, tempor\u00e4re B\u00fcror\u00e4ume und Unterst\u00fctzung im Backoffice? Dann ist ein<strong> Virtual Office K\u00f6nigstra\u00dfe 35 <\/strong>bei Satellite Office die richtige Wahl. Mit unserem exklusiven Standort K\u00f6nigstra\u00dfe 35 im Herzen Stuttgarts nennen Sie eine der ersten Adressen der Stadt Ihr Eigen. Dazu unterst\u00fctzt Sie, unser Supportteam mit professionellem Telefonservice und B\u00fcroarbeiten. Alle Preise und weitere Informationen zu Ihrer neuen Firmenadresse erhalten Sie auf Anfrage. Falls Sie nicht nur ein Virtual Office, sondern einen Firmensitz mit Eintrag ins Handelsregister brauchen, haben wir das Richtige f\u00fcr Sie.<\/p>\n\t<ul>\n<li>Erstklassige Gesch\u00e4ftsadresse mit unbegrenzter Post und Paketannahme<\/li>\n<li>Ihr Firmenschild im Foyer<\/li>\n<li>Ein virtuelles B\u00fcro bei uns reicht<\/li>\n<li>So k\u00f6nnen Sie Ihr Budget mehr f\u00fcr Ihre Kernkompetenzen einsetzen<\/li>\n<li>Eigene lokale Telefonnummer und Meldung in Ihrem Firmennamen<\/li>\n<li>Lokale Faxnummer und Service mit UMS-Technik<\/li>\n<li>2 Stunden Nutzung Konferenzraum, Tagesb\u00fcro oder Lounge<\/li>\n<li>Master Membership<\/li>\n<li>Zugang zum Open Space inkl. free WiFi (fair use)<\/li>\n<\/ul>\n\t\t\t<a href=\"#kontakt\" target=\"_self\" role=\"button\" rel=\"noopener\">\n\t\t\t\t\t\tAngebot sichern ab 299 \u20ac Monatlich\n\t\t\t\t\t<\/a>\n<h3>\n\t\tSatellite Office \n\t<\/h3>\n\t<p><strong>&#8220;<\/strong>Herzlich willkommen in Stuttgart. F\u00fcr alle Fragen rund um unser Satellite Office in Stuttgart stehe ich Ihnen gerne zur Verf\u00fcgung. Wir freuen uns auf Ihren Anruf oder Ihre Kontaktaufnahme.<strong>&#8220;<\/strong><\/p>\n<h3>\n\t\tBitte nehmen Sie Kontakt mit uns auf\n\t<\/h3>\n\t\n\t\n    Hinweis: F\u00fcr diesen Inhalt ist JavaScript erforderlich.\n        <!-- TODO: Move to Template File. -->\n","protected":false},"excerpt":{"rendered":"<p>Virtual Office K\u00f6nigstra\u00dfe 35 [wpbb-if post:acf type=&#8217;radio&#8217; name=&#8217;scroller_auswahl&#8217; exp=&#8217;equals&#8217; value=&#8217;kontakt&#8217;] [wpbb post:acf type=&#8217;text&#8217; name=&#8217;kontakt_text&#8217;] [wpbb post:acf type=&#8217;text&#8217; name=&#8217;kontakt_button_text&#8217;] [\/wpbb-if] [wpbb-if post:acf type=&#8217;radio&#8217; name=&#8217;scroller_auswahl&#8217; exp=&#8217;equals&#8217; value=&#8217;standort&#8217;] Standorte Standorte Berlin Franz\u00f6sische Str. 12 Kurf\u00fcrstendamm 194 Kurf\u00fcrstendamm 15 Unter den Linden 10 D\u00fcsseldorf K\u00f6nigsallee 27 Frankfurt am Main Opernplatz 14 Hamburg Ballindamm 27 Neuer Wall 10 M\u00fcnchen Rundfunkplatz&hellip;<\/p>\n","protected":false},"author":11,"featured_media":0,"parent":1901,"menu_order":1,"comment_status":"closed","ping_status":"closed","template":"","meta":{"_acf_changed":false,"_seopress_robots_primary_cat":"","_seopress_titles_title":"Virtual Office K\u00f6nigstra\u00dfe 35 | Satellite Office","_seopress_titles_desc":"Rent market presence with a Virtual Office in Stuttgart K\u00f6nigstra\u00dfe 35 Representative Address\u2713 Mail & Parcel Acceptance\u2713 Company Sign\u2713","_seopress_robots_index":"","inline_featured_image":false,"footnotes":""},"acf":[],"_links":{"self":[{"href":"https:\/\/dev.satelliteoffice.de\/en\/wp-json\/wp\/v2\/pages\/28566"}],"collection":[{"href":"https:\/\/dev.satelliteoffice.de\/en\/wp-json\/wp\/v2\/pages"}],"about":[{"href":"https:\/\/dev.satelliteoffice.de\/en\/wp-json\/wp\/v2\/types\/page"}],"author":[{"embeddable":true,"href":"https:\/\/dev.satelliteoffice.de\/en\/wp-json\/wp\/v2\/users\/11"}],"replies":[{"embeddable":true,"href":"https:\/\/dev.satelliteoffice.de\/en\/wp-json\/wp\/v2\/comments?post=28566"}],"version-history":[{"count":0,"href":"https:\/\/dev.satelliteoffice.de\/en\/wp-json\/wp\/v2\/pages\/28566\/revisions"}],"up":[{"embeddable":true,"href":"https:\/\/dev.satelliteoffice.de\/en\/wp-json\/wp\/v2\/pages\/1901"}],"wp:attachment":[{"href":"https:\/\/dev.satelliteoffice.de\/en\/wp-json\/wp\/v2\/media?parent=28566"}],"curies":[{"name":"wp","href":"https:\/\/api.w.org\/{rel}","templated":true}]}}