{"id":46357,"date":"2023-07-21T10:44:15","date_gmt":"2023-07-21T08:44:15","guid":{"rendered":"https:\/\/www.satelliteoffice.de\/stuttgart\/"},"modified":"2023-12-08T11:56:00","modified_gmt":"2023-12-08T10:56:00","slug":"stuttgart","status":"publish","type":"page","link":"https:\/\/dev.satelliteoffice.de\/en\/office-rent\/stuttgart\/","title":{"rendered":"Office rents in Stuttgart"},"content":{"rendered":"","protected":false},"excerpt":{"rendered":"","protected":false},"author":11,"featured_media":42881,"parent":66723,"menu_order":1,"comment_status":"closed","ping_status":"closed","template":"","meta":{"_acf_changed":false,"_seopress_robots_primary_cat":"","_seopress_titles_title":"Rent an office in Stuttgart | Office space on K\u00f6nigstra\u00dfe","_seopress_titles_desc":"Rent your exclusive office in Stuttgart Mitte on K\u00f6nigstrasse Elegant office space with flexible terms for an immediate start","_seopress_robots_index":"","inline_featured_image":false,"footnotes":""},"acf":[],"_links":{"self":[{"href":"https:\/\/dev.satelliteoffice.de\/en\/wp-json\/wp\/v2\/pages\/46357"}],"collection":[{"href":"https:\/\/dev.satelliteoffice.de\/en\/wp-json\/wp\/v2\/pages"}],"about":[{"href":"https:\/\/dev.satelliteoffice.de\/en\/wp-json\/wp\/v2\/types\/page"}],"author":[{"embeddable":true,"href":"https:\/\/dev.satelliteoffice.de\/en\/wp-json\/wp\/v2\/users\/11"}],"replies":[{"embeddable":true,"href":"https:\/\/dev.satelliteoffice.de\/en\/wp-json\/wp\/v2\/comments?post=46357"}],"version-history":[{"count":1,"href":"https:\/\/dev.satelliteoffice.de\/en\/wp-json\/wp\/v2\/pages\/46357\/revisions"}],"predecessor-version":[{"id":71247,"href":"https:\/\/dev.satelliteoffice.de\/en\/wp-json\/wp\/v2\/pages\/46357\/revisions\/71247"}],"up":[{"embeddable":true,"href":"https:\/\/dev.satelliteoffice.de\/en\/wp-json\/wp\/v2\/pages\/66723"}],"wp:featuredmedia":[{"embeddable":true,"href":"https:\/\/dev.satelliteoffice.de\/en\/wp-json\/wp\/v2\/media\/42881"}],"wp:attachment":[{"href":"https:\/\/dev.satelliteoffice.de\/en\/wp-json\/wp\/v2\/media?parent=46357"}],"curies":[{"name":"wp","href":"https:\/\/api.w.org\/{rel}","templated":true}]}}