{"id":66749,"date":"2023-11-22T14:17:42","date_gmt":"2023-11-22T13:17:42","guid":{"rendered":"https:\/\/www.satelliteoffice.de\/office-rent\/office-rents-in-hamburg\/"},"modified":"2023-12-08T12:22:32","modified_gmt":"2023-12-08T11:22:32","slug":"hamburg","status":"publish","type":"page","link":"https:\/\/dev.satelliteoffice.de\/en\/office-rent\/hamburg\/","title":{"rendered":"Office rents in Hamburg"},"content":{"rendered":"","protected":false},"excerpt":{"rendered":"","protected":false},"author":11,"featured_media":55684,"parent":66723,"menu_order":1,"comment_status":"closed","ping_status":"closed","template":"","meta":{"_acf_changed":false,"_seopress_robots_primary_cat":"","_seopress_titles_title":"Rent your office in D\u00fcsseldorf: K\u00f6nigsallee 27 Girardet Haus","_seopress_titles_desc":"Rent your office at K\u00f6nigstra\u00dfe 27 fully furnished with flexible terms in the magnificent Girardet Haus.","_seopress_robots_index":"","inline_featured_image":false,"footnotes":""},"acf":[],"_links":{"self":[{"href":"https:\/\/dev.satelliteoffice.de\/en\/wp-json\/wp\/v2\/pages\/66749"}],"collection":[{"href":"https:\/\/dev.satelliteoffice.de\/en\/wp-json\/wp\/v2\/pages"}],"about":[{"href":"https:\/\/dev.satelliteoffice.de\/en\/wp-json\/wp\/v2\/types\/page"}],"author":[{"embeddable":true,"href":"https:\/\/dev.satelliteoffice.de\/en\/wp-json\/wp\/v2\/users\/11"}],"replies":[{"embeddable":true,"href":"https:\/\/dev.satelliteoffice.de\/en\/wp-json\/wp\/v2\/comments?post=66749"}],"version-history":[{"count":1,"href":"https:\/\/dev.satelliteoffice.de\/en\/wp-json\/wp\/v2\/pages\/66749\/revisions"}],"predecessor-version":[{"id":71259,"href":"https:\/\/dev.satelliteoffice.de\/en\/wp-json\/wp\/v2\/pages\/66749\/revisions\/71259"}],"up":[{"embeddable":true,"href":"https:\/\/dev.satelliteoffice.de\/en\/wp-json\/wp\/v2\/pages\/66723"}],"wp:featuredmedia":[{"embeddable":true,"href":"https:\/\/dev.satelliteoffice.de\/en\/wp-json\/wp\/v2\/media\/55684"}],"wp:attachment":[{"href":"https:\/\/dev.satelliteoffice.de\/en\/wp-json\/wp\/v2\/media?parent=66749"}],"curies":[{"name":"wp","href":"https:\/\/api.w.org\/{rel}","templated":true}]}}